{"id":36757,"date":"2018-03-23T23:59:30","date_gmt":"2018-03-23T22:59:30","guid":{"rendered":"http:\/\/rede.acampa.eu\/blog\/"},"modified":"2024-05-02T19:05:09","modified_gmt":"2024-05-02T17:05:09","slug":"blog","status":"publish","type":"page","link":"https:\/\/blog.redeacampa.org\/gl\/","title":{"rendered":"Blog"},"content":{"rendered":"<p>[et_pb_section fb_built=&#8221;1&#8243; next_background_color=&#8221;#ffffff&#8221; _builder_version=&#8221;4.16&#8243; background_color=&#8221;#e02b20&#8243; top_divider_height=&#8221;98px&#8221; bottom_divider_style=&#8221;asymmetric&#8221; global_colors_info=&#8221;{}&#8221;][et_pb_row _builder_version=&#8221;4.16&#8243; background_size=&#8221;initial&#8221; background_position=&#8221;top_left&#8221; background_repeat=&#8221;repeat&#8221; global_colors_info=&#8221;{}&#8221;][et_pb_column type=&#8221;4_4&#8243; _builder_version=&#8221;4.16&#8243; custom_padding=&#8221;|||&#8221; global_colors_info=&#8221;{}&#8221; custom_padding__hover=&#8221;|||&#8221;][et_pb_text admin_label=&#8221;Texto&#8221; _builder_version=&#8221;4.16&#8243; text_font_size=&#8221;36px&#8221; header_font_size=&#8221;50px&#8221; text_orientation=&#8221;right&#8221; background_layout=&#8221;dark&#8221; global_colors_info=&#8221;{}&#8221;]<\/p>\n<h1>Blog\u00a0\u00a0 Rede \u00a0 Acampa<\/h1>\n<p>[\/et_pb_text][\/et_pb_column][\/et_pb_row][\/et_pb_section][et_pb_section fb_built=&#8221;1&#8243; specialty=&#8221;on&#8221; custom_padding_last_edited=&#8221;on|desktop&#8221; admin_label=&#8221;section&#8221; _builder_version=&#8221;4.16&#8243; custom_padding=&#8221;0|0px|64px|0px&#8221; custom_padding_tablet=&#8221;50px|0|50px|0&#8243; custom_padding_phone=&#8221;&#8221; collapsed=&#8221;off&#8221; global_colors_info=&#8221;{}&#8221;][et_pb_column type=&#8221;3_4&#8243; specialty_columns=&#8221;3&#8243; _builder_version=&#8221;4.16&#8243; custom_padding=&#8221;|||&#8221; global_colors_info=&#8221;{}&#8221; custom_padding__hover=&#8221;|||&#8221;][et_pb_row_inner padding_mobile=&#8221;off&#8221; column_padding_mobile=&#8221;off&#8221; _builder_version=&#8221;4.16&#8243; global_colors_info=&#8221;{}&#8221;][et_pb_column_inner saved_specialty_column_type=&#8221;3_4&#8243; _builder_version=&#8221;3.25&#8243; custom_padding=&#8221;|||&#8221; global_colors_info=&#8221;{}&#8221; custom_padding__hover=&#8221;|||&#8221;][et_pb_blog fullwidth=&#8221;off&#8221; posts_number=&#8221;6&#8243; include_categories=&#8221;7,18&#8243; meta_date=&#8221;j M, Y&#8221; show_more=&#8221;on&#8221; show_categories=&#8221;off&#8221; show_comments=&#8221;on&#8221; use_overlay=&#8221;on&#8221; overlay_icon_color=&#8221;#ffffff&#8221; hover_overlay_color=&#8221;rgba(227,6,19,0.3)&#8221; hover_icon=&#8221;&#x68;||divi||400&#8243; _builder_version=&#8221;4.16&#8243; pagination_font_size_tablet=&#8221;51&#8243; pagination_line_height_tablet=&#8221;2&#8243; use_border_color=&#8221;on&#8221; global_colors_info=&#8221;{}&#8221;][\/et_pb_blog][\/et_pb_column_inner][\/et_pb_row_inner][\/et_pb_column][et_pb_column type=&#8221;1_4&#8243; _builder_version=&#8221;4.16&#8243; custom_padding=&#8221;|||&#8221; global_colors_info=&#8221;{}&#8221; custom_padding__hover=&#8221;|||&#8221;][et_pb_sidebar orientation=&#8221;right&#8221; area=&#8221;sidebar-1&#8243; admin_label=&#8221;Sidebar&#8221; _builder_version=&#8221;4.16&#8243; remove_border=&#8221;off&#8221; global_colors_info=&#8221;{}&#8221;][\/et_pb_sidebar][\/et_pb_column][\/et_pb_section]<\/p>\n","protected":false},"excerpt":{"rendered":"<p>Blog\u00a0\u00a0 Rede \u00a0 Acampa<\/p>\n","protected":false},"author":1,"featured_media":0,"parent":0,"menu_order":0,"comment_status":"closed","ping_status":"closed","template":"","meta":{"_et_pb_use_builder":"on","_et_pb_old_content":"","_et_gb_content_width":"","inline_featured_image":false,"footnotes":""},"class_list":["post-36757","page","type-page","status-publish","hentry"],"yoast_head":"<!-- This site is optimized with the Yoast SEO plugin v25.9 - https:\/\/yoast.com\/wordpress\/plugins\/seo\/ -->\n<title>Blog | Rede Acampa - Por la paz y el derecho a refugio<\/title>\n<meta name=\"robots\" content=\"index, follow, max-snippet:-1, max-image-preview:large, max-video-preview:-1\" \/>\n<link rel=\"canonical\" href=\"https:\/\/blog.redeacampa.org\/gl\/\" \/>\n<meta property=\"og:locale\" content=\"gl_ES\" \/>\n<meta property=\"og:type\" content=\"article\" \/>\n<meta property=\"og:title\" content=\"Blog | Rede Acampa - Por la paz y el derecho a refugio\" \/>\n<meta property=\"og:description\" content=\"Blog\u00a0\u00a0 Rede \u00a0 Acampa\" \/>\n<meta property=\"og:url\" content=\"https:\/\/blog.redeacampa.org\/gl\/\" \/>\n<meta property=\"og:site_name\" content=\"Rede Acampa - Por la paz y el derecho a refugio\" \/>\n<meta property=\"article:publisher\" content=\"https:\/\/www.facebook.com\/acampapolapazeodereitoarefuxio\" \/>\n<meta property=\"article:modified_time\" content=\"2024-05-02T17:05:09+00:00\" \/>\n<meta name=\"twitter:card\" content=\"summary_large_image\" \/>\n<meta name=\"twitter:site\" content=\"@Acampa_polapaz\" \/>\n<meta name=\"twitter:label1\" content=\"Tempo de lectura\" \/>\n\t<meta name=\"twitter:data1\" content=\"1 minuto\" \/>\n<script type=\"application\/ld+json\" class=\"yoast-schema-graph\">{\"@context\":\"https:\/\/schema.org\",\"@graph\":[{\"@type\":\"WebPage\",\"@id\":\"https:\/\/blog.redeacampa.org\/gl\/\",\"url\":\"https:\/\/blog.redeacampa.org\/gl\/\",\"name\":\"Blog | Rede Acampa - Por la paz y el derecho a refugio\",\"isPartOf\":{\"@id\":\"https:\/\/blog.redeacampa.org\/gl\/#website\"},\"datePublished\":\"2018-03-23T22:59:30+00:00\",\"dateModified\":\"2024-05-02T17:05:09+00:00\",\"breadcrumb\":{\"@id\":\"https:\/\/blog.redeacampa.org\/gl\/#breadcrumb\"},\"inLanguage\":\"gl-ES\",\"potentialAction\":[{\"@type\":\"ReadAction\",\"target\":[\"https:\/\/blog.redeacampa.org\/gl\/\"]}]},{\"@type\":\"BreadcrumbList\",\"@id\":\"https:\/\/blog.redeacampa.org\/gl\/#breadcrumb\",\"itemListElement\":[{\"@type\":\"ListItem\",\"position\":1,\"name\":\"Portada\",\"item\":\"https:\/\/blog.redeacampa.org\/gl\/\"},{\"@type\":\"ListItem\",\"position\":2,\"name\":\"Blog\"}]},{\"@type\":\"WebSite\",\"@id\":\"https:\/\/blog.redeacampa.org\/gl\/#website\",\"url\":\"https:\/\/blog.redeacampa.org\/gl\/\",\"name\":\"Rede Acampa - Por la paz y el derecho a refugio\",\"description\":\"Una iniciativa ciudadana sin fines de lucro integrada por colectivos sociales, culturales, educativos, veci\u00f1ales, pol\u00edticos, sindicales, art\u00edsticos, de personas solidarias, de instituciones y empresas con responsabilidad social que tienen como objetivo la defensa de los derechos humanos, el Derecho Internacional Humanitario y el Derecho a Refugio\",\"potentialAction\":[{\"@type\":\"SearchAction\",\"target\":{\"@type\":\"EntryPoint\",\"urlTemplate\":\"https:\/\/blog.redeacampa.org\/gl\/?s={search_term_string}\"},\"query-input\":{\"@type\":\"PropertyValueSpecification\",\"valueRequired\":true,\"valueName\":\"search_term_string\"}}],\"inLanguage\":\"gl-ES\"}]}<\/script>\n<!-- \/ Yoast SEO plugin. -->","yoast_head_json":{"title":"Blog | Rede Acampa - Por la paz y el derecho a refugio","robots":{"index":"index","follow":"follow","max-snippet":"max-snippet:-1","max-image-preview":"max-image-preview:large","max-video-preview":"max-video-preview:-1"},"canonical":"https:\/\/blog.redeacampa.org\/gl\/","og_locale":"gl_ES","og_type":"article","og_title":"Blog | Rede Acampa - Por la paz y el derecho a refugio","og_description":"Blog\u00a0\u00a0 Rede \u00a0 Acampa","og_url":"https:\/\/blog.redeacampa.org\/gl\/","og_site_name":"Rede Acampa - Por la paz y el derecho a refugio","article_publisher":"https:\/\/www.facebook.com\/acampapolapazeodereitoarefuxio","article_modified_time":"2024-05-02T17:05:09+00:00","twitter_card":"summary_large_image","twitter_site":"@Acampa_polapaz","twitter_misc":{"Tempo de lectura":"1 minuto"},"schema":{"@context":"https:\/\/schema.org","@graph":[{"@type":"WebPage","@id":"https:\/\/blog.redeacampa.org\/gl\/","url":"https:\/\/blog.redeacampa.org\/gl\/","name":"Blog | Rede Acampa - Por la paz y el derecho a refugio","isPartOf":{"@id":"https:\/\/blog.redeacampa.org\/gl\/#website"},"datePublished":"2018-03-23T22:59:30+00:00","dateModified":"2024-05-02T17:05:09+00:00","breadcrumb":{"@id":"https:\/\/blog.redeacampa.org\/gl\/#breadcrumb"},"inLanguage":"gl-ES","potentialAction":[{"@type":"ReadAction","target":["https:\/\/blog.redeacampa.org\/gl\/"]}]},{"@type":"BreadcrumbList","@id":"https:\/\/blog.redeacampa.org\/gl\/#breadcrumb","itemListElement":[{"@type":"ListItem","position":1,"name":"Portada","item":"https:\/\/blog.redeacampa.org\/gl\/"},{"@type":"ListItem","position":2,"name":"Blog"}]},{"@type":"WebSite","@id":"https:\/\/blog.redeacampa.org\/gl\/#website","url":"https:\/\/blog.redeacampa.org\/gl\/","name":"Rede Acampa - Por la paz y el derecho a refugio","description":"Una iniciativa ciudadana sin fines de lucro integrada por colectivos sociales, culturales, educativos, veci\u00f1ales, pol\u00edticos, sindicales, art\u00edsticos, de personas solidarias, de instituciones y empresas con responsabilidad social que tienen como objetivo la defensa de los derechos humanos, el Derecho Internacional Humanitario y el Derecho a Refugio","potentialAction":[{"@type":"SearchAction","target":{"@type":"EntryPoint","urlTemplate":"https:\/\/blog.redeacampa.org\/gl\/?s={search_term_string}"},"query-input":{"@type":"PropertyValueSpecification","valueRequired":true,"valueName":"search_term_string"}}],"inLanguage":"gl-ES"}]}},"_links":{"self":[{"href":"https:\/\/blog.redeacampa.org\/gl\/wp-json\/wp\/v2\/pages\/36757","targetHints":{"allow":["GET"]}}],"collection":[{"href":"https:\/\/blog.redeacampa.org\/gl\/wp-json\/wp\/v2\/pages"}],"about":[{"href":"https:\/\/blog.redeacampa.org\/gl\/wp-json\/wp\/v2\/types\/page"}],"author":[{"embeddable":true,"href":"https:\/\/blog.redeacampa.org\/gl\/wp-json\/wp\/v2\/users\/1"}],"replies":[{"embeddable":true,"href":"https:\/\/blog.redeacampa.org\/gl\/wp-json\/wp\/v2\/comments?post=36757"}],"version-history":[{"count":4,"href":"https:\/\/blog.redeacampa.org\/gl\/wp-json\/wp\/v2\/pages\/36757\/revisions"}],"predecessor-version":[{"id":38934,"href":"https:\/\/blog.redeacampa.org\/gl\/wp-json\/wp\/v2\/pages\/36757\/revisions\/38934"}],"wp:attachment":[{"href":"https:\/\/blog.redeacampa.org\/gl\/wp-json\/wp\/v2\/media?parent=36757"}],"curies":[{"name":"wp","href":"https:\/\/api.w.org\/{rel}","templated":true}]}}